{"id":1571,"date":"2023-11-22T01:44:22","date_gmt":"2023-11-22T01:44:22","guid":{"rendered":"https:\/\/bellino-apts.gr\/?page_id=1571"},"modified":"2023-11-26T17:42:52","modified_gmt":"2023-11-26T17:42:52","slug":"facilities","status":"publish","type":"page","link":"https:\/\/bellino-apts.gr\/de\/facilities\/","title":{"rendered":"Einrichtungen"},"content":{"rendered":"<div data-elementor-type=\"wp-page\" data-elementor-id=\"1571\" class=\"elementor elementor-1571\">\n\t\t\t\t\t\t\t\t\t<section class=\"elementor-section elementor-top-section elementor-element elementor-element-45a1740b elementor-section-height-min-height cs-section-content-fullwidth cs-parallax-on-scroll cs_scroll_y_100 elementor-section-boxed elementor-section-height-default elementor-section-items-middle\" data-id=\"45a1740b\" data-element_type=\"section\" data-settings=\"{&quot;background_background&quot;:&quot;classic&quot;}\" data-cs-parallax-y=\"100\" style=\"background-image: none;\" data-cs-background-image=\"https:\/\/bellino-apts.gr\/wp-content\/uploads\/2023\/11\/belino-023.jpg\">\n\t\t\t\t\t\t\t<div class=\"elementor-background-overlay\"><\/div>\n\t\t\t\t\t\t\t<div class=\"elementor-container elementor-column-gap-no\">\n\t\t\t\t\t<div class=\"elementor-column elementor-col-100 elementor-top-column elementor-element elementor-element-2da59bf7 dark-color\" data-id=\"2da59bf7\" data-element_type=\"column\">\n\t\t\t<div class=\"elementor-widget-wrap\">\n\t\t\t\t\t\t\t\t\t<\/div>\n\t\t<\/div>\n\t\t\t\t\t\t\t<\/div>\n\t\t<\/section>\n\t\t\t\t<section class=\"elementor-section elementor-top-section elementor-element elementor-element-45e60f74 cs-section-content-fullwidth elementor-section-boxed elementor-section-height-default elementor-section-height-default\" data-id=\"45e60f74\" data-element_type=\"section\" data-settings=\"{&quot;background_background&quot;:&quot;classic&quot;}\">\n\t\t\t\t\t\t<div class=\"elementor-container elementor-column-gap-no\">\n\t\t\t\t\t<div class=\"elementor-column elementor-col-100 elementor-top-column elementor-element elementor-element-12d88af2\" data-id=\"12d88af2\" data-element_type=\"column\">\n\t\t\t<div class=\"elementor-widget-wrap elementor-element-populated\">\n\t\t\t\t\t\t\t\t<div class=\"elementor-element elementor-element-3cc8d09a elementor-widget elementor-widget-cs_title\" data-id=\"3cc8d09a\" data-element_type=\"widget\" data-widget_type=\"cs_title.default\">\n\t\t\t\t<div class=\"elementor-widget-container\">\n\t\t\t\n        <div class=\"cs-title-wrap text-center\">\t            <h4 class=\"cs-title\">\n\t                Auf jedes Detail achten\t            <\/h4>\t            <div class=\"cs-title-text\">\n\t                <p>Abseits vom L\u00e4rm der Stadt bietet es eine entspannte und sichere Umgebung, ideal f\u00fcr Erwachsene ab 18 Jahren. Mit Liebe zum Detail ist es den Eigent\u00fcmern gelungen, eine einzigartige Atmosph\u00e4re zu schaffen, um ihren G\u00e4sten einen unvergesslichen Urlaub zu bieten. Sie k\u00f6nnen einen Tauchgang machen oder einfach unter der griechischen Sonne in unserem Swimmingpool liegen und wenn Sie einen entspannenden Drink brauchen, k\u00f6nnen Sie unsere Poolbar besuchen, um die tollsten Cocktails zu genie\u00dfen!<\/p>\t            <\/div>        <\/div>\t\t<\/div>\n\t\t\t\t<\/div>\n\t\t\t\t<div class=\"elementor-element elementor-element-6d66057 cs-animation-small-offset elementor-invisible elementor-widget elementor-widget-cs_gallery\" data-id=\"6d66057\" data-element_type=\"widget\" data-settings=\"{&quot;_animation&quot;:&quot;fadeInUp&quot;,&quot;_animation_delay&quot;:300}\" data-widget_type=\"cs_gallery.default\">\n\t\t\t\t<div class=\"elementor-widget-container\">\n\t\t\t\n            <div class=\"cs-gallery gap-5 gallery-grid grid-col-3\">\n                <div class=\"cs-gallery-wrap\">                    <div class=\"cs-gallery-item\">                            <a href=\"https:\/\/bellino-apts.gr\/wp-content\/uploads\/2023\/11\/belino-068.jpg\" data-elementor-open-lightbox=\"yes\" data-elementor-lightbox-slideshow=\"6d66057\" data-elementor-lightbox-title=\"belino-068\" data-e-action-hash=\"#elementor-action%3Aaction%3Dlightbox%26settings%3DeyJpZCI6MTQ3MiwidXJsIjoiaHR0cHM6XC9cL2JlbGxpbm8tYXB0cy5nclwvd3AtY29udGVudFwvdXBsb2Fkc1wvMjAyM1wvMTFcL2JlbGluby0wNjguanBnIiwic2xpZGVzaG93IjoiNmQ2NjA1NyJ9\"><img decoding=\"async\" src=\"https:\/\/bellino-apts.gr\/wp-content\/uploads\/elementor\/thumbs\/belino-068-qfoewac370u6j1l5pn6drquxpjhd7o4c5y7c3imyhy.jpg\" title=\"belino-068\" alt=\"belino-068\" loading=\"lazy\" \/><\/a>                    <\/div>                    <div class=\"cs-gallery-item\">                            <a href=\"https:\/\/bellino-apts.gr\/wp-content\/uploads\/2023\/11\/belino-022.jpg\" data-elementor-open-lightbox=\"yes\" data-elementor-lightbox-slideshow=\"6d66057\" data-elementor-lightbox-title=\"belino-022\" data-e-action-hash=\"#elementor-action%3Aaction%3Dlightbox%26settings%3DeyJpZCI6MTQyNiwidXJsIjoiaHR0cHM6XC9cL2JlbGxpbm8tYXB0cy5nclwvd3AtY29udGVudFwvdXBsb2Fkc1wvMjAyM1wvMTFcL2JlbGluby0wMjIuanBnIiwic2xpZGVzaG93IjoiNmQ2NjA1NyJ9\"><img decoding=\"async\" src=\"https:\/\/bellino-apts.gr\/wp-content\/uploads\/elementor\/thumbs\/belino-022-qfoett1f5rfxw36v72ktove59xphwf9u5o87i8bcx2.jpg\" title=\"belino-022\" alt=\"belino-022\" loading=\"lazy\" \/><\/a>                    <\/div>                    <div class=\"cs-gallery-item\">                            <a href=\"https:\/\/bellino-apts.gr\/wp-content\/uploads\/2023\/11\/belino-055.jpg\" data-elementor-open-lightbox=\"yes\" data-elementor-lightbox-slideshow=\"6d66057\" data-elementor-lightbox-title=\"belino-055\" data-e-action-hash=\"#elementor-action%3Aaction%3Dlightbox%26settings%3DeyJpZCI6MTQ1OSwidXJsIjoiaHR0cHM6XC9cL2JlbGxpbm8tYXB0cy5nclwvd3AtY29udGVudFwvdXBsb2Fkc1wvMjAyM1wvMTFcL2JlbGluby0wNTUuanBnIiwic2xpZGVzaG93IjoiNmQ2NjA1NyJ9\"><img decoding=\"async\" src=\"https:\/\/bellino-apts.gr\/wp-content\/uploads\/elementor\/thumbs\/belino-055-qfoevj2rotsv6cor4te79fqkhd7q0g44e7a96hrdie.jpg\" title=\"belino-055\" alt=\"belino-055\" loading=\"lazy\" \/><\/a>                    <\/div>                <\/div>\n            <\/div>\t\t<\/div>\n\t\t\t\t<\/div>\n\t\t\t\t\t<\/div>\n\t\t<\/div>\n\t\t\t\t\t\t\t<\/div>\n\t\t<\/section>\n\t\t\t\t<section class=\"elementor-section elementor-top-section elementor-element elementor-element-ac6ba40 cs-section-content-fullwidth elementor-section-boxed elementor-section-height-default elementor-section-height-default\" data-id=\"ac6ba40\" data-element_type=\"section\" data-settings=\"{&quot;background_background&quot;:&quot;classic&quot;}\">\n\t\t\t\t\t\t<div class=\"elementor-container elementor-column-gap-no\">\n\t\t\t\t\t<div class=\"elementor-column elementor-col-100 elementor-top-column elementor-element elementor-element-7e9b87c\" data-id=\"7e9b87c\" data-element_type=\"column\">\n\t\t\t<div class=\"elementor-widget-wrap elementor-element-populated\">\n\t\t\t\t\t\t\t\t<div class=\"elementor-element elementor-element-e215c3e elementor-widget elementor-widget-cs_info_box\" data-id=\"e215c3e\" data-element_type=\"widget\" data-widget_type=\"cs_info_box.default\">\n\t\t\t\t<div class=\"elementor-widget-container\">\n\t\t\t\n\t\t\t<div class=\"cs-info-box column-3 valign-top img-left tablet-column-1\">\n                <div class=\"cs-info-box-wrap\">                    <div class=\"cs-info-box-item elementor-repeater-item-0a01fb1\">\n                    \t<div class=\"cs-item-container\">\t                        <div class=\"cs-info-box-img\"><i aria-hidden=\"true\" class=\"flaticon flaticon-wifi-2\"><\/i>\t                        <\/div>\t                        <div class=\"cs-info-box-content\">\n\t                            <h5 class=\"cs-title cs-info-box-title\">WLAN und Internet\t\t\t\t\t\t\t\t<\/h5>\t                        <\/div>\t                    <\/div>\n                    <\/div>                    <div class=\"cs-info-box-item elementor-repeater-item-3379dfb\">\n                    \t<div class=\"cs-item-container\">\t                        <div class=\"cs-info-box-img\"><i aria-hidden=\"true\" class=\"flaticon flaticon-pool-1\"><\/i>\t                        <\/div>\t                        <div class=\"cs-info-box-content\">\n\t                            <h5 class=\"cs-title cs-info-box-title\">S\u00fc\u00dfwasserpool\t\t\t\t\t\t\t\t<\/h5>\t                        <\/div>\t                    <\/div>\n                    <\/div>                    <div class=\"cs-info-box-item elementor-repeater-item-6c33aa7\">\n                    \t<div class=\"cs-item-container\">\t                        <div class=\"cs-info-box-img\"><i aria-hidden=\"true\" class=\"flaticon flaticon-cocktail\"><\/i>\t                        <\/div>\t                        <div class=\"cs-info-box-content\">\n\t                            <h5 class=\"cs-title cs-info-box-title\">Umfrageleiste\t\t\t\t\t\t\t\t<\/h5>\t                        <\/div>\t                    <\/div>\n                    <\/div>                    <div class=\"cs-info-box-item elementor-repeater-item-55da29c\">\n                    \t<div class=\"cs-item-container\">\t                        <div class=\"cs-info-box-img\"><i aria-hidden=\"true\" class=\"flaticon flaticon-breakfast-3\"><\/i>\t                        <\/div>\t                        <div class=\"cs-info-box-content\">\n\t                            <h5 class=\"cs-title cs-info-box-title\">Fr\u00fchst\u00fcck im Bett\t\t\t\t\t\t\t\t<\/h5>\t                        <\/div>\t                    <\/div>\n                    <\/div>                    <div class=\"cs-info-box-item elementor-repeater-item-cccff81\">\n                    \t<div class=\"cs-item-container\">\t                        <div class=\"cs-info-box-img\"><i aria-hidden=\"true\" class=\"flaticon flaticon-car\"><\/i>\t                        <\/div>\t                        <div class=\"cs-info-box-content\">\n\t                            <h5 class=\"cs-title cs-info-box-title\">Abholservice vom Flughafen\t\t\t\t\t\t\t\t<\/h5>\t                        <\/div>\t                    <\/div>\n                    <\/div>                    <div class=\"cs-info-box-item elementor-repeater-item-f41bbb4\">\n                    \t<div class=\"cs-item-container\">\t                        <div class=\"cs-info-box-img\"><i aria-hidden=\"true\" class=\"flaticon flaticon-parking\"><\/i>\t                        <\/div>\t                        <div class=\"cs-info-box-content\">\n\t                            <h5 class=\"cs-title cs-info-box-title\">Privater Parkplatz\t\t\t\t\t\t\t\t<\/h5>\t                        <\/div>\t                    <\/div>\n                    <\/div>                    <div class=\"cs-info-box-item elementor-repeater-item-1b17216\">\n                    \t<div class=\"cs-item-container\">\t                        <div class=\"cs-info-box-img\"><i aria-hidden=\"true\" class=\"fas fa-info-circle\"><\/i>\t                        <\/div>\t                        <div class=\"cs-info-box-content\">\n\t                            <h5 class=\"cs-title cs-info-box-title\">Keine Haustiere\t\t\t\t\t\t\t\t<\/h5>\t                        <\/div>\t                    <\/div>\n                    <\/div>                    <div class=\"cs-info-box-item elementor-repeater-item-eef3f9d\">\n                    \t<div class=\"cs-item-container\">\t                        <div class=\"cs-info-box-img\"><i aria-hidden=\"true\" class=\"fas fa-info-circle\"><\/i>\t                        <\/div>\t                        <div class=\"cs-info-box-content\">\n\t                            <h5 class=\"cs-title cs-info-box-title\">Nur Erwachsene +18\t\t\t\t\t\t\t\t<\/h5>\t                        <\/div>\t                    <\/div>\n                    <\/div>\t\t\t\t<\/div>\n\t\t\t<\/div>\t\t<\/div>\n\t\t\t\t<\/div>\n\t\t\t\t\t<\/div>\n\t\t<\/div>\n\t\t\t\t\t\t\t<\/div>\n\t\t<\/section>\n\t\t\t\t<section class=\"elementor-section elementor-top-section elementor-element elementor-element-260c164 cs_scroll_y_120 elementor-section-full_width elementor-section-height-min-height cs-parallax-on-scroll cs-animation-small-offset elementor-section-height-default elementor-section-items-middle elementor-invisible\" data-id=\"260c164\" data-element_type=\"section\" data-settings=\"{&quot;background_background&quot;:&quot;classic&quot;,&quot;animation&quot;:&quot;fadeInUp&quot;,&quot;animation_delay&quot;:200}\" data-cs-parallax-y=\"120\" style=\"background-image: none;\" data-cs-background-image=\"https:\/\/bellino-apts.gr\/wp-content\/uploads\/2023\/11\/belino-056.jpg\">\n\t\t\t\t\t\t<div class=\"elementor-container elementor-column-gap-no\">\n\t\t\t\t\t<div class=\"elementor-column elementor-col-100 elementor-top-column elementor-element elementor-element-2c61699 dark-color\" data-id=\"2c61699\" data-element_type=\"column\">\n\t\t\t<div class=\"elementor-widget-wrap\">\n\t\t\t\t\t\t\t\t\t<\/div>\n\t\t<\/div>\n\t\t\t\t\t\t\t<\/div>\n\t\t<\/section>\n\t\t\t\t\t\t\t<\/div>","protected":false},"excerpt":{"rendered":"<p>Mit Liebe zum Detail. Abseits vom L\u00e4rm der Stadt bietet es eine entspannende und sichere Umgebung, ideal f\u00fcr Erwachsene ab 18 Jahren. Mit Liebe zum Detail haben die Eigent\u00fcmer es geschafft, eine einzigartige Atmosph\u00e4re zu schaffen, um ihren G\u00e4sten einen unvergesslichen Urlaub zu bieten. Sie k\u00f6nnen tauchen oder einfach nur liegen \u2026<\/p>","protected":false},"author":1,"featured_media":0,"parent":0,"menu_order":0,"comment_status":"closed","ping_status":"closed","template":"template-wide-content.php","meta":{"cozystay_single_page_hide_site_header":"","cozystay_single_page_site_header_source":"","cozystay_single_page_custom_site_header":"0","cozystay_single_page_custom_sticky_site_header":"0","cozystay_single_page_hide_page_title":"on","cozystay_single_page_header_section_size":"","cozystay_single_page_header_background_color":"","cozystay_single_page_header_background_position_x":"center","cozystay_single_page_header_background_position_y":"center","cozystay_single_page_header_background_size":"cover","cozystay_single_page_header_background_repeat":"off","cozystay_single_page_header_background_scroll":"on","cozystay_single_page_header_text_color":"","cozystay_single_page_header_show_breadcrumb":"","cozystay_single_page_site_footer_hide_main":"","cozystay_single_custom_site_footer_main_source":"","cozystay_single_custom_site_footer_main":"0","cozystay_single_page_site_footer_hide_above":"","cozystay_single_custom_site_footer_above_source":"","cozystay_single_custom_site_footer_above":"0","cozystay_single_page_site_footer_hide_instagram":"","cozystay_single_page_site_footer_hide_bottom":"","cozystay_single_custom_mobile_menu_source":"","cozystay_single_custom_mobile_menu":"0","cozystay_single_custom_mobile_menu_animation":"","cozystay_single_custom_mobile_menu_width":"","cozystay_single_custom_mobile_menu_custom_width":375,"footnotes":""},"class_list":["post-1571","page","type-page","status-publish","hentry"],"yoast_head":"<!-- This site is optimized with the Yoast SEO plugin v21.5 - https:\/\/yoast.com\/wordpress\/plugins\/seo\/ -->\n<title>Facilities - Bellino Apartments<\/title>\n<meta name=\"robots\" content=\"index, follow, max-snippet:-1, max-image-preview:large, max-video-preview:-1\" \/>\n<link rel=\"canonical\" href=\"https:\/\/bellino-apts.gr\/de\/facilities\/\" \/>\n<meta property=\"og:locale\" content=\"de_DE\" \/>\n<meta property=\"og:type\" content=\"article\" \/>\n<meta property=\"og:title\" content=\"Facilities - Bellino Apartments\" \/>\n<meta property=\"og:description\" content=\"Paying attention to every detail Being away from the noise of the town it offers a relaxing and safe environment ideal for adult18+. Paying attention to every detail, the owners have managed to create a unique atmosphere in their effort to offer their guests an unforgettable holiday. You can have a dive, or just lie ...\" \/>\n<meta property=\"og:url\" content=\"https:\/\/bellino-apts.gr\/de\/facilities\/\" \/>\n<meta property=\"og:site_name\" content=\"Bellino Apartments\" \/>\n<meta property=\"article:modified_time\" content=\"2023-11-26T17:42:52+00:00\" \/>\n<meta property=\"og:image\" content=\"https:\/\/bellino-apts.gr\/wp-content\/uploads\/elementor\/thumbs\/belino-068-qfoewac370u6j1l5pn6drquxpjhd7o4c5y7c3imwoe.jpg\" \/>\n<meta name=\"twitter:card\" content=\"summary_large_image\" \/>\n<meta name=\"twitter:label1\" content=\"Gesch\u00e4tzte Lesezeit\" \/>\n\t<meta name=\"twitter:data1\" content=\"2\u00a0Minuten\" \/>\n<script type=\"application\/ld+json\" class=\"yoast-schema-graph\">{\"@context\":\"https:\/\/schema.org\",\"@graph\":[{\"@type\":\"WebPage\",\"@id\":\"https:\/\/bellino-apts.gr\/facilities\/\",\"url\":\"https:\/\/bellino-apts.gr\/facilities\/\",\"name\":\"Facilities - Bellino Apartments\",\"isPartOf\":{\"@id\":\"https:\/\/bellino-apts.gr\/#website\"},\"datePublished\":\"2023-11-22T01:44:22+00:00\",\"dateModified\":\"2023-11-26T17:42:52+00:00\",\"breadcrumb\":{\"@id\":\"https:\/\/bellino-apts.gr\/facilities\/#breadcrumb\"},\"inLanguage\":\"de\",\"potentialAction\":[{\"@type\":\"ReadAction\",\"target\":[\"https:\/\/bellino-apts.gr\/facilities\/\"]}]},{\"@type\":\"BreadcrumbList\",\"@id\":\"https:\/\/bellino-apts.gr\/facilities\/#breadcrumb\",\"itemListElement\":[{\"@type\":\"ListItem\",\"position\":1,\"name\":\"Home\",\"item\":\"https:\/\/bellino-apts.gr\/\"},{\"@type\":\"ListItem\",\"position\":2,\"name\":\"Facilities\"}]},{\"@type\":\"WebSite\",\"@id\":\"https:\/\/bellino-apts.gr\/#website\",\"url\":\"https:\/\/bellino-apts.gr\/\",\"name\":\"Bellino Apartments\",\"description\":\"\",\"publisher\":{\"@id\":\"https:\/\/bellino-apts.gr\/#organization\"},\"potentialAction\":[{\"@type\":\"SearchAction\",\"target\":{\"@type\":\"EntryPoint\",\"urlTemplate\":\"https:\/\/bellino-apts.gr\/?s={search_term_string}\"},\"query-input\":\"required name=search_term_string\"}],\"inLanguage\":\"de\"},{\"@type\":\"Organization\",\"@id\":\"https:\/\/bellino-apts.gr\/#organization\",\"name\":\"Bellino Apartments\",\"url\":\"https:\/\/bellino-apts.gr\/\",\"logo\":{\"@type\":\"ImageObject\",\"inLanguage\":\"de\",\"@id\":\"https:\/\/bellino-apts.gr\/#\/schema\/logo\/image\/\",\"url\":\"https:\/\/bellino-apts.gr\/wp-content\/uploads\/2023\/03\/logo-1.png\",\"contentUrl\":\"https:\/\/bellino-apts.gr\/wp-content\/uploads\/2023\/03\/logo-1.png\",\"width\":228,\"height\":88,\"caption\":\"Bellino Apartments\"},\"image\":{\"@id\":\"https:\/\/bellino-apts.gr\/#\/schema\/logo\/image\/\"}}]}<\/script>\n<!-- \/ Yoast SEO plugin. -->","yoast_head_json":{"title":"Facilities - Bellino Apartments","robots":{"index":"index","follow":"follow","max-snippet":"max-snippet:-1","max-image-preview":"max-image-preview:large","max-video-preview":"max-video-preview:-1"},"canonical":"https:\/\/bellino-apts.gr\/de\/facilities\/","og_locale":"de_DE","og_type":"article","og_title":"Facilities - Bellino Apartments","og_description":"Paying attention to every detail Being away from the noise of the town it offers a relaxing and safe environment ideal for adult18+. Paying attention to every detail, the owners have managed to create a unique atmosphere in their effort to offer their guests an unforgettable holiday. You can have a dive, or just lie ...","og_url":"https:\/\/bellino-apts.gr\/de\/facilities\/","og_site_name":"Bellino Apartments","article_modified_time":"2023-11-26T17:42:52+00:00","og_image":[{"url":"https:\/\/bellino-apts.gr\/wp-content\/uploads\/elementor\/thumbs\/belino-068-qfoewac370u6j1l5pn6drquxpjhd7o4c5y7c3imwoe.jpg"}],"twitter_card":"summary_large_image","twitter_misc":{"Gesch\u00e4tzte Lesezeit":"2\u00a0Minuten"},"schema":{"@context":"https:\/\/schema.org","@graph":[{"@type":"WebPage","@id":"https:\/\/bellino-apts.gr\/facilities\/","url":"https:\/\/bellino-apts.gr\/facilities\/","name":"Facilities - Bellino Apartments","isPartOf":{"@id":"https:\/\/bellino-apts.gr\/#website"},"datePublished":"2023-11-22T01:44:22+00:00","dateModified":"2023-11-26T17:42:52+00:00","breadcrumb":{"@id":"https:\/\/bellino-apts.gr\/facilities\/#breadcrumb"},"inLanguage":"de","potentialAction":[{"@type":"ReadAction","target":["https:\/\/bellino-apts.gr\/facilities\/"]}]},{"@type":"BreadcrumbList","@id":"https:\/\/bellino-apts.gr\/facilities\/#breadcrumb","itemListElement":[{"@type":"ListItem","position":1,"name":"Home","item":"https:\/\/bellino-apts.gr\/"},{"@type":"ListItem","position":2,"name":"Facilities"}]},{"@type":"WebSite","@id":"https:\/\/bellino-apts.gr\/#website","url":"https:\/\/bellino-apts.gr\/","name":"Bellino Apartments","description":"","publisher":{"@id":"https:\/\/bellino-apts.gr\/#organization"},"potentialAction":[{"@type":"SearchAction","target":{"@type":"EntryPoint","urlTemplate":"https:\/\/bellino-apts.gr\/?s={search_term_string}"},"query-input":"required name=search_term_string"}],"inLanguage":"de"},{"@type":"Organization","@id":"https:\/\/bellino-apts.gr\/#organization","name":"Bellino Apartments","url":"https:\/\/bellino-apts.gr\/","logo":{"@type":"ImageObject","inLanguage":"de","@id":"https:\/\/bellino-apts.gr\/#\/schema\/logo\/image\/","url":"https:\/\/bellino-apts.gr\/wp-content\/uploads\/2023\/03\/logo-1.png","contentUrl":"https:\/\/bellino-apts.gr\/wp-content\/uploads\/2023\/03\/logo-1.png","width":228,"height":88,"caption":"Bellino Apartments"},"image":{"@id":"https:\/\/bellino-apts.gr\/#\/schema\/logo\/image\/"}}]}},"_links":{"self":[{"href":"https:\/\/bellino-apts.gr\/de\/wp-json\/wp\/v2\/pages\/1571","targetHints":{"allow":["GET"]}}],"collection":[{"href":"https:\/\/bellino-apts.gr\/de\/wp-json\/wp\/v2\/pages"}],"about":[{"href":"https:\/\/bellino-apts.gr\/de\/wp-json\/wp\/v2\/types\/page"}],"author":[{"embeddable":true,"href":"https:\/\/bellino-apts.gr\/de\/wp-json\/wp\/v2\/users\/1"}],"replies":[{"embeddable":true,"href":"https:\/\/bellino-apts.gr\/de\/wp-json\/wp\/v2\/comments?post=1571"}],"version-history":[{"count":19,"href":"https:\/\/bellino-apts.gr\/de\/wp-json\/wp\/v2\/pages\/1571\/revisions"}],"predecessor-version":[{"id":1714,"href":"https:\/\/bellino-apts.gr\/de\/wp-json\/wp\/v2\/pages\/1571\/revisions\/1714"}],"wp:attachment":[{"href":"https:\/\/bellino-apts.gr\/de\/wp-json\/wp\/v2\/media?parent=1571"}],"curies":[{"name":"wp","href":"https:\/\/api.w.org\/{rel}","templated":true}]}}