{"id":1586,"date":"2023-11-22T01:59:32","date_gmt":"2023-11-22T01:59:32","guid":{"rendered":"https:\/\/bellino-apts.gr\/?page_id=1586"},"modified":"2023-11-22T02:02:29","modified_gmt":"2023-11-22T02:02:29","slug":"location","status":"publish","type":"page","link":"https:\/\/bellino-apts.gr\/it\/location\/","title":{"rendered":"posizione"},"content":{"rendered":"<div data-elementor-type=\"wp-page\" data-elementor-id=\"1586\" class=\"elementor elementor-1586\">\n\t\t\t\t\t\t\t\t\t<section class=\"elementor-section elementor-top-section elementor-element elementor-element-45a1740b elementor-section-height-min-height cs-section-content-fullwidth cs-parallax-on-scroll cs_scroll_y_100 elementor-section-boxed elementor-section-height-default elementor-section-items-middle\" data-id=\"45a1740b\" data-element_type=\"section\" data-settings=\"{&quot;background_background&quot;:&quot;classic&quot;}\" data-cs-parallax-y=\"100\" style=\"background-image: none;\" data-cs-background-image=\"https:\/\/bellino-apts.gr\/wp-content\/uploads\/2023\/11\/belino-075.jpg\">\n\t\t\t\t\t\t\t<div class=\"elementor-background-overlay\"><\/div>\n\t\t\t\t\t\t\t<div class=\"elementor-container elementor-column-gap-no\">\n\t\t\t\t\t<div class=\"elementor-column elementor-col-100 elementor-top-column elementor-element elementor-element-2da59bf7 dark-color\" data-id=\"2da59bf7\" data-element_type=\"column\">\n\t\t\t<div class=\"elementor-widget-wrap\">\n\t\t\t\t\t\t\t\t\t<\/div>\n\t\t<\/div>\n\t\t\t\t\t\t\t<\/div>\n\t\t<\/section>\n\t\t\t\t<section class=\"elementor-section elementor-top-section elementor-element elementor-element-45e60f74 cs-section-content-fullwidth elementor-section-boxed elementor-section-height-default elementor-section-height-default\" data-id=\"45e60f74\" data-element_type=\"section\" data-settings=\"{&quot;background_background&quot;:&quot;classic&quot;}\">\n\t\t\t\t\t\t<div class=\"elementor-container elementor-column-gap-no\">\n\t\t\t\t\t<div class=\"elementor-column elementor-col-100 elementor-top-column elementor-element elementor-element-12d88af2\" data-id=\"12d88af2\" data-element_type=\"column\">\n\t\t\t<div class=\"elementor-widget-wrap elementor-element-populated\">\n\t\t\t\t\t\t\t\t<div class=\"elementor-element elementor-element-3cc8d09a elementor-widget elementor-widget-cs_title\" data-id=\"3cc8d09a\" data-element_type=\"widget\" data-widget_type=\"cs_title.default\">\n\t\t\t\t<div class=\"elementor-widget-container\">\n\t\t\t\n        <div class=\"cs-title-wrap text-center\">\t            <h4 class=\"cs-title\">\n\t                Hersonissos-Creta\t            <\/h4>\t            <div class=\"cs-title-text\">\n\t                <p>Il porto di Hersonissos \u00e8 famoso per la sua vita notturna poich\u00e9 ci sono molti bar, ristoranti e taverne vicino alla spiaggia. Il visitatore della zona di Hersonissos trover\u00e0 un gran numero di negozi con gioielli, pellicce, abbigliamento ecc. e ovviamente molti posti dove noleggiare auto o biciclette.<\/p><p>Varie agenzie di viaggio organizzano anche crociere giornaliere verso la vicina isola di DIA e molti altri piccoli isolotti e spiagge della zona, inoltre non lontano si possono trovare molte piscine e parchi acquatici, tra i pi\u00f9 grandi d&#039;Europa.<\/p><p>Il villaggio di Old Hersonisos, situato a poca distanza a sud, fu costruito per la paura dei pirati, che costrinsero gli abitanti del villaggio a trasferirsi nell&#039;entroterra.<\/p>\t            <\/div>        <\/div>\t\t<\/div>\n\t\t\t\t<\/div>\n\t\t\t\t<div class=\"elementor-element elementor-element-7d28010 elementor-widget elementor-widget-shortcode\" data-id=\"7d28010\" data-element_type=\"widget\" data-widget_type=\"shortcode.default\">\n\t\t\t\t<div class=\"elementor-widget-container\">\n\t\t\t\t\t<div class=\"elementor-shortcode\"><iframe src=\"https:\/\/www.google.com\/maps\/embed?pb=!1m26!1m12!1m3!1d87617.06779187823!2d25.21813672045684!3d35.30377587333419!2m3!1f0!2f0!3f0!3m2!1i1024!2i768!4f13.1!4m11!3e0!4m3!3m2!1d35.3374765!2d25.1672886!4m5!1s0x149a64338bbfbecd%3A0x4f9d97fb8f685b71!2sgoogle%20maps%20bellino%20appaartments!3m2!1d35.3098958!2d25.3938755!5e0!3m2!1sen!2sgr!4v1700618430798!5m2!1sen!2sgr\" width=\"600\" height=\"450\" style=\"border:0;\" allowfullscreen=\"\" loading=\"lazy\" referrerpolicy=\"no-referrer-when-downgrade\"><\/iframe><\/div>\n\t\t\t\t<\/div>\n\t\t\t\t<\/div>\n\t\t\t\t\t<\/div>\n\t\t<\/div>\n\t\t\t\t\t\t\t<\/div>\n\t\t<\/section>\n\t\t\t\t<section class=\"elementor-section elementor-top-section elementor-element elementor-element-260c164 cs_scroll_y_120 elementor-section-full_width elementor-section-height-min-height cs-parallax-on-scroll cs-animation-small-offset elementor-section-height-default elementor-section-items-middle elementor-invisible\" data-id=\"260c164\" data-element_type=\"section\" data-settings=\"{&quot;background_background&quot;:&quot;classic&quot;,&quot;animation&quot;:&quot;fadeInUp&quot;,&quot;animation_delay&quot;:200}\" data-cs-parallax-y=\"120\" style=\"background-image: none;\" data-cs-background-image=\"https:\/\/bellino-apts.gr\/wp-content\/uploads\/2023\/11\/belino-011.jpg\">\n\t\t\t\t\t\t<div class=\"elementor-container elementor-column-gap-no\">\n\t\t\t\t\t<div class=\"elementor-column elementor-col-100 elementor-top-column elementor-element elementor-element-2c61699 dark-color\" data-id=\"2c61699\" data-element_type=\"column\">\n\t\t\t<div class=\"elementor-widget-wrap\">\n\t\t\t\t\t\t\t\t\t<\/div>\n\t\t<\/div>\n\t\t\t\t\t\t\t<\/div>\n\t\t<\/section>\n\t\t\t\t\t\t\t<\/div>","protected":false},"excerpt":{"rendered":"<p>Hersonissos \u2013 Creta Il porto di Hersonissos \u00e8 famoso per la sua vita notturna poich\u00e9 ci sono molti bar, ristoranti e taverne vicino alla spiaggia. Il visitatore della zona di Hersonissos trover\u00e0 un gran numero di negozi con gioielli, pellicce, abbigliamento ecc. e ovviamente molti posti dove noleggiare auto o biciclette. Quotidiano \u2026<\/p>","protected":false},"author":1,"featured_media":0,"parent":0,"menu_order":0,"comment_status":"closed","ping_status":"closed","template":"template-wide-content.php","meta":{"cozystay_single_page_hide_site_header":"","cozystay_single_page_site_header_source":"","cozystay_single_page_custom_site_header":"0","cozystay_single_page_custom_sticky_site_header":"0","cozystay_single_page_hide_page_title":"on","cozystay_single_page_header_section_size":"","cozystay_single_page_header_background_color":"","cozystay_single_page_header_background_position_x":"center","cozystay_single_page_header_background_position_y":"center","cozystay_single_page_header_background_size":"cover","cozystay_single_page_header_background_repeat":"off","cozystay_single_page_header_background_scroll":"on","cozystay_single_page_header_text_color":"","cozystay_single_page_header_show_breadcrumb":"","cozystay_single_page_site_footer_hide_main":"","cozystay_single_custom_site_footer_main_source":"","cozystay_single_custom_site_footer_main":"0","cozystay_single_page_site_footer_hide_above":"","cozystay_single_custom_site_footer_above_source":"","cozystay_single_custom_site_footer_above":"0","cozystay_single_page_site_footer_hide_instagram":"","cozystay_single_page_site_footer_hide_bottom":"","cozystay_single_custom_mobile_menu_source":"","cozystay_single_custom_mobile_menu":"0","cozystay_single_custom_mobile_menu_animation":"","cozystay_single_custom_mobile_menu_width":"","cozystay_single_custom_mobile_menu_custom_width":375,"footnotes":""},"class_list":["post-1586","page","type-page","status-publish","hentry"],"yoast_head":"<!-- This site is optimized with the Yoast SEO plugin v21.5 - https:\/\/yoast.com\/wordpress\/plugins\/seo\/ -->\n<title>location - Bellino Apartments<\/title>\n<meta name=\"robots\" content=\"index, follow, max-snippet:-1, max-image-preview:large, max-video-preview:-1\" \/>\n<link rel=\"canonical\" href=\"https:\/\/bellino-apts.gr\/it\/location\/\" \/>\n<meta property=\"og:locale\" content=\"it_IT\" \/>\n<meta property=\"og:type\" content=\"article\" \/>\n<meta property=\"og:title\" content=\"location - Bellino Apartments\" \/>\n<meta property=\"og:description\" content=\"Hersonissos &#8211; Crete The harbor of Hersonissos is famous for its night life as there are many bars, restaurants and taverns next to the beach. The visitor to the area of Hersonissos will find a large number of shops with jewels, furs, clothing etc. and of course many places to rent cars or bikes. Daily ...\" \/>\n<meta property=\"og:url\" content=\"https:\/\/bellino-apts.gr\/it\/location\/\" \/>\n<meta property=\"og:site_name\" content=\"Bellino Apartments\" \/>\n<meta property=\"article:modified_time\" content=\"2023-11-22T02:02:29+00:00\" \/>\n<meta name=\"twitter:card\" content=\"summary_large_image\" \/>\n<meta name=\"twitter:label1\" content=\"Tempo di lettura stimato\" \/>\n\t<meta name=\"twitter:data1\" content=\"1 minuto\" \/>\n<script type=\"application\/ld+json\" class=\"yoast-schema-graph\">{\"@context\":\"https:\/\/schema.org\",\"@graph\":[{\"@type\":\"WebPage\",\"@id\":\"https:\/\/bellino-apts.gr\/location\/\",\"url\":\"https:\/\/bellino-apts.gr\/location\/\",\"name\":\"location - Bellino Apartments\",\"isPartOf\":{\"@id\":\"https:\/\/bellino-apts.gr\/#website\"},\"datePublished\":\"2023-11-22T01:59:32+00:00\",\"dateModified\":\"2023-11-22T02:02:29+00:00\",\"breadcrumb\":{\"@id\":\"https:\/\/bellino-apts.gr\/location\/#breadcrumb\"},\"inLanguage\":\"it-IT\",\"potentialAction\":[{\"@type\":\"ReadAction\",\"target\":[\"https:\/\/bellino-apts.gr\/location\/\"]}]},{\"@type\":\"BreadcrumbList\",\"@id\":\"https:\/\/bellino-apts.gr\/location\/#breadcrumb\",\"itemListElement\":[{\"@type\":\"ListItem\",\"position\":1,\"name\":\"Home\",\"item\":\"https:\/\/bellino-apts.gr\/\"},{\"@type\":\"ListItem\",\"position\":2,\"name\":\"location\"}]},{\"@type\":\"WebSite\",\"@id\":\"https:\/\/bellino-apts.gr\/#website\",\"url\":\"https:\/\/bellino-apts.gr\/\",\"name\":\"Bellino Apartments\",\"description\":\"\",\"publisher\":{\"@id\":\"https:\/\/bellino-apts.gr\/#organization\"},\"potentialAction\":[{\"@type\":\"SearchAction\",\"target\":{\"@type\":\"EntryPoint\",\"urlTemplate\":\"https:\/\/bellino-apts.gr\/?s={search_term_string}\"},\"query-input\":\"required name=search_term_string\"}],\"inLanguage\":\"it-IT\"},{\"@type\":\"Organization\",\"@id\":\"https:\/\/bellino-apts.gr\/#organization\",\"name\":\"Bellino Apartments\",\"url\":\"https:\/\/bellino-apts.gr\/\",\"logo\":{\"@type\":\"ImageObject\",\"inLanguage\":\"it-IT\",\"@id\":\"https:\/\/bellino-apts.gr\/#\/schema\/logo\/image\/\",\"url\":\"https:\/\/bellino-apts.gr\/wp-content\/uploads\/2023\/03\/logo-1.png\",\"contentUrl\":\"https:\/\/bellino-apts.gr\/wp-content\/uploads\/2023\/03\/logo-1.png\",\"width\":228,\"height\":88,\"caption\":\"Bellino Apartments\"},\"image\":{\"@id\":\"https:\/\/bellino-apts.gr\/#\/schema\/logo\/image\/\"}}]}<\/script>\n<!-- \/ Yoast SEO plugin. -->","yoast_head_json":{"title":"location - Bellino Apartments","robots":{"index":"index","follow":"follow","max-snippet":"max-snippet:-1","max-image-preview":"max-image-preview:large","max-video-preview":"max-video-preview:-1"},"canonical":"https:\/\/bellino-apts.gr\/it\/location\/","og_locale":"it_IT","og_type":"article","og_title":"location - Bellino Apartments","og_description":"Hersonissos &#8211; Crete The harbor of Hersonissos is famous for its night life as there are many bars, restaurants and taverns next to the beach. The visitor to the area of Hersonissos will find a large number of shops with jewels, furs, clothing etc. and of course many places to rent cars or bikes. Daily ...","og_url":"https:\/\/bellino-apts.gr\/it\/location\/","og_site_name":"Bellino Apartments","article_modified_time":"2023-11-22T02:02:29+00:00","twitter_card":"summary_large_image","twitter_misc":{"Tempo di lettura stimato":"1 minuto"},"schema":{"@context":"https:\/\/schema.org","@graph":[{"@type":"WebPage","@id":"https:\/\/bellino-apts.gr\/location\/","url":"https:\/\/bellino-apts.gr\/location\/","name":"location - Bellino Apartments","isPartOf":{"@id":"https:\/\/bellino-apts.gr\/#website"},"datePublished":"2023-11-22T01:59:32+00:00","dateModified":"2023-11-22T02:02:29+00:00","breadcrumb":{"@id":"https:\/\/bellino-apts.gr\/location\/#breadcrumb"},"inLanguage":"it-IT","potentialAction":[{"@type":"ReadAction","target":["https:\/\/bellino-apts.gr\/location\/"]}]},{"@type":"BreadcrumbList","@id":"https:\/\/bellino-apts.gr\/location\/#breadcrumb","itemListElement":[{"@type":"ListItem","position":1,"name":"Home","item":"https:\/\/bellino-apts.gr\/"},{"@type":"ListItem","position":2,"name":"location"}]},{"@type":"WebSite","@id":"https:\/\/bellino-apts.gr\/#website","url":"https:\/\/bellino-apts.gr\/","name":"Bellino Apartments","description":"","publisher":{"@id":"https:\/\/bellino-apts.gr\/#organization"},"potentialAction":[{"@type":"SearchAction","target":{"@type":"EntryPoint","urlTemplate":"https:\/\/bellino-apts.gr\/?s={search_term_string}"},"query-input":"required name=search_term_string"}],"inLanguage":"it-IT"},{"@type":"Organization","@id":"https:\/\/bellino-apts.gr\/#organization","name":"Bellino Apartments","url":"https:\/\/bellino-apts.gr\/","logo":{"@type":"ImageObject","inLanguage":"it-IT","@id":"https:\/\/bellino-apts.gr\/#\/schema\/logo\/image\/","url":"https:\/\/bellino-apts.gr\/wp-content\/uploads\/2023\/03\/logo-1.png","contentUrl":"https:\/\/bellino-apts.gr\/wp-content\/uploads\/2023\/03\/logo-1.png","width":228,"height":88,"caption":"Bellino Apartments"},"image":{"@id":"https:\/\/bellino-apts.gr\/#\/schema\/logo\/image\/"}}]}},"_links":{"self":[{"href":"https:\/\/bellino-apts.gr\/it\/wp-json\/wp\/v2\/pages\/1586","targetHints":{"allow":["GET"]}}],"collection":[{"href":"https:\/\/bellino-apts.gr\/it\/wp-json\/wp\/v2\/pages"}],"about":[{"href":"https:\/\/bellino-apts.gr\/it\/wp-json\/wp\/v2\/types\/page"}],"author":[{"embeddable":true,"href":"https:\/\/bellino-apts.gr\/it\/wp-json\/wp\/v2\/users\/1"}],"replies":[{"embeddable":true,"href":"https:\/\/bellino-apts.gr\/it\/wp-json\/wp\/v2\/comments?post=1586"}],"version-history":[{"count":5,"href":"https:\/\/bellino-apts.gr\/it\/wp-json\/wp\/v2\/pages\/1586\/revisions"}],"predecessor-version":[{"id":1591,"href":"https:\/\/bellino-apts.gr\/it\/wp-json\/wp\/v2\/pages\/1586\/revisions\/1591"}],"wp:attachment":[{"href":"https:\/\/bellino-apts.gr\/it\/wp-json\/wp\/v2\/media?parent=1586"}],"curies":[{"name":"wp","href":"https:\/\/api.w.org\/{rel}","templated":true}]}}